{"id":3,"date":"2019-06-19T07:23:24","date_gmt":"2019-06-19T07:23:24","guid":{"rendered":"https:\/\/www.tuesday5.de\/?page_id=3"},"modified":"2019-06-28T16:31:02","modified_gmt":"2019-06-28T16:31:02","slug":"privacy-policy","status":"publish","type":"page","link":"https:\/\/www.tuesday5.de\/index.php\/privacy-policy\/","title":{"rendered":"Datenschutzerkl\u00e4rung"},"content":{"rendered":"\n<p>Personenbezogene Daten (nachfolgend \nzumeist nur &#8222;Daten&#8220; genannt) werden von uns nur im Rahmen der \nErforderlichkeit sowie zum Zwecke der Bereitstellung eines \nfunktionsf\u00e4higen und nutzerfreundlichen Internetauftritts, inklusive \nseiner Inhalte und der dort angebotenen Leistungen, verarbeitet.<\/p>\n\n\n\n<p>Gem\u00e4\u00df\n Art. 4 Ziffer 1. der Verordnung (EU) 2016\/679, also der \nDatenschutz-Grundverordnung (nachfolgend nur &#8222;DSGVO&#8220; genannt), gilt als \n&#8222;Verarbeitung&#8220; jeder mit oder ohne Hilfe automatisierter Verfahren \nausgef\u00fchrter Vorgang oder jede solche Vorgangsreihe im Zusammenhang mit \npersonenbezogenen Daten, wie das Erheben, das Erfassen, die \nOrganisation, das Ordnen, die Speicherung, die Anpassung oder \nVer\u00e4nderung, das Auslesen, das Abfragen, die Verwendung, die Offenlegung\n durch \u00dcbermittlung, Verbreitung oder eine andere Form der \nBereitstellung, den Abgleich oder die Verkn\u00fcpfung, die Einschr\u00e4nkung, \ndas L\u00f6schen oder die Vernichtung.<\/p>\n\n\n\n<p>Mit der nachfolgenden \nDatenschutzerkl\u00e4rung informieren wir Sie insbesondere \u00fcber Art, Umfang, \nZweck, Dauer und Rechtsgrundlage der Verarbeitung personenbezogener \nDaten, soweit wir entweder allein oder gemeinsam mit anderen \u00fcber die \nZwecke und Mittel der Verarbeitung entscheiden. Zudem informieren wir \nSie nachfolgend \u00fcber die von uns zu Optimierungszwecken sowie zur \nSteigerung der Nutzungsqualit\u00e4t eingesetzten Fremdkomponenten, soweit \nhierdurch Dritte Daten in wiederum eigener Verantwortung verarbeiten.<\/p>\n\n\n\n<p>Unsere Datenschutzerkl\u00e4rung ist wie folgt gegliedert:<\/p>\n\n\n\n<p>I. Informationen \u00fcber uns als Verantwortliche<br>II. Rechte der Nutzer und Betroffenen<br>III. Informationen zur Datenverarbeitung<br><\/p>\n\n\n\n<h4 class=\"wp-block-heading\">I. Informationen \u00fcber uns als Verantwortliche<\/h4>\n\n\n\n<p>Verantwortlicher Anbieter dieses Internetauftritts im datenschutzrechtlichen Sinne ist:<\/p>\n\n\n\n<p>TUESDAY 5<br>felix.hoffmann95@gmail.com<br><\/p>\n\n\n\n<p>F\u00fcr Kontaktm\u00f6glichkeiten verweisen wir auf unser Impressum.<\/p>\n\n\n\n<p>Wir\n weisen darauf hin, dass die internetbasierte Daten\u00fcbertragung \nSicherheitsl\u00fccken aufweist, ein l\u00fcckenloser Schutz vor Zugriffen durch \nDritte somit unm\u00f6glich ist.<\/p>\n\n\n\n<h4 class=\"wp-block-heading\">II. Rechte der Nutzer und Betroffenen<\/h4>\n\n\n\n<p>Mit Blick auf die nachfolgend noch n\u00e4her beschriebene Datenverarbeitung haben die Nutzer und Betroffenen das Recht<\/p>\n\n\n\n<p>&#8211;\n auf Best\u00e4tigung, ob sie betreffende Daten verarbeitet werden, auf \nAuskunft \u00fcber die verarbeiteten Daten, auf weitere Informationen \u00fcber \ndie Datenverarbeitung sowie auf Kopien der Daten (vgl. auch Art. 15 \nDSGVO);<br>&#8211; auf Berichtigung oder Vervollst\u00e4ndigung unrichtiger bzw. unvollst\u00e4ndiger Daten (vgl. auch Art. 16 DSGVO);<br>&#8211;\n auf unverz\u00fcgliche L\u00f6schung der sie betreffenden Daten (vgl. auch Art. \n17 DSGVO), oder, alternativ, soweit eine weitere Verarbeitung gem\u00e4\u00df Art.\n 17 Abs. 3 DSGVO erforderlich ist, auf Einschr\u00e4nkung der Verarbeitung \nnach Ma\u00dfgabe von Art. 18 DSGVO;<br>&#8211; auf Erhalt der sie betreffenden und\n von ihnen bereitgestellten Daten und auf \u00dcbermittlung dieser Daten an \nandere Anbieter\/Verantwortliche (vgl. auch Art. 20 DSGVO);<br>&#8211; auf \nBeschwerde gegen\u00fcber der Aufsichtsbeh\u00f6rde, sofern sie der Ansicht sind, \ndass die sie betreffenden Daten durch den Anbieter unter Versto\u00df gegen \ndatenschutzrechtliche Bestimmungen verarbeitet werden (vgl. auch Art. 77\n DSGVO).<\/p>\n\n\n\n<p>Dar\u00fcber hinaus ist der Anbieter dazu verpflichtet, alle \nEmpf\u00e4nger, denen gegen\u00fcber Daten durch den Anbieter offengelegt worden \nsind, \u00fcber jedwede Berichtigung oder L\u00f6schung von Daten oder die \nEinschr\u00e4nkung der Verarbeitung, die aufgrund der Artikel 16, 17 Abs. 1, \n18 DSGVO erfolgt, zu unterrichten. Diese Verpflichtung besteht jedoch \nnicht, soweit diese Mitteilung unm\u00f6glich oder mit einem \nunverh\u00e4ltnism\u00e4\u00dfigen Aufwand verbunden ist. Unbeschadet dessen hat der \nNutzer ein Recht auf Auskunft \u00fcber diese Empf\u00e4nger.<\/p>\n\n\n\n<p>Ebenfalls \nhaben die Nutzer und Betroffenen nach Art. 21 DSGVO das Recht auf \nWiderspruch gegen die k\u00fcnftige Verarbeitung der sie betreffenden Daten, \nsofern die Daten durch den Anbieter nach Ma\u00dfgabe von Art. 6 Abs. 1 lit. \nf) DSGVO verarbeitet werden. Insbesondere ist ein Widerspruch gegen die \nDatenverarbeitung zum Zwecke der Direktwerbung statthaft.<br><\/p>\n\n\n\n<h4 class=\"wp-block-heading\">III. Informationen zur Datenverarbeitung<\/h4>\n\n\n\n<p>Ihre\n bei Nutzung unseres Internetauftritts verarbeiteten Daten werden \ngel\u00f6scht oder gesperrt, sobald der Zweck der Speicherung entf\u00e4llt, der \nL\u00f6schung der Daten keine gesetzlichen Aufbewahrungspflichten \nentgegenstehen und nachfolgend keine anderslautenden Angaben zu \neinzelnen Verarbeitungsverfahren gemacht werden.<\/p>\n\n\n\n<h4 class=\"wp-block-heading\">Serverdaten<\/h4>\n\n\n\n<p>Aus\n technischen Gr\u00fcnden, insbesondere zur Gew\u00e4hrleistung eines sicheren und\n stabilen Internetauftritts, werden Daten durch Ihren Internet-Browser \nan uns bzw. an unseren Webspace-Provider \u00fcbermittelt. Mit diesen sog. \nServer-Logfiles werden u.a. Typ und Version Ihres Internetbrowsers, das \nBetriebssystem, die Website, von der aus Sie auf unseren \nInternetauftritt gewechselt haben (Referrer URL), die Website(s) unseres\n Internetauftritts, die Sie besuchen, Datum und Uhrzeit des jeweiligen \nZugriffs sowie die IP-Adresse des Internetanschlusses, von dem aus die \nNutzung unseres Internetauftritts erfolgt, erhoben.<\/p>\n\n\n\n<p>Diese so erhobenen Daten werden vorr\u00fcbergehend gespeichert, dies jedoch nicht gemeinsam mit anderen Daten von Ihnen.<\/p>\n\n\n\n<p>Diese\n Speicherung erfolgt auf der Rechtsgrundlage von Art. 6 Abs. 1 lit. f) \nDSGVO. Unser berechtigtes Interesse liegt in der Verbesserung, \nStabilit\u00e4t, Funktionalit\u00e4t und Sicherheit unseres Internetauftritts.<\/p>\n\n\n\n<p>Die\n Daten werden sp\u00e4testens nach sieben Tage wieder gel\u00f6scht, soweit keine \nweitere Aufbewahrung zu Beweiszwecken erforderlich ist. Andernfalls sind\n die Daten bis zur endg\u00fcltigen Kl\u00e4rung eines Vorfalls ganz oder \nteilweise von der L\u00f6schung ausgenommen.<\/p>\n\n\n\n<h4 class=\"wp-block-heading\">SSL-Verschl\u00fcsselung<\/h4>\n\n\n\n<p>Diese\n Seite nutzt aus Gr\u00fcnden der Sicherheit und zum Schutz der \u00dcbertragung \nvertraulicher Inhalte, wie zum Beispiel der Anfragen, die Sie an uns als\n Seitenbetreiber senden, eine SSL-Verschl\u00fcsselung. Eine verschl\u00fcsselte \nVerbindung erkennen Sie daran, dass die Adresszeile des Browsers von \n&#8222;http:\/\/&#8220; auf &#8222;https:\/\/&#8220; wechselt und an dem Schloss-Symbol in Ihrer \nBrowserzeile. Wenn die SSL Verschl\u00fcsselung aktiviert ist, k\u00f6nnen die \nDaten, die Sie an uns \u00fcbermitteln, nicht von Dritten mitgelesen werden.<\/p>\n\n\n\n<h4 class=\"wp-block-heading\">Kontaktanfragen \/ Kontaktm\u00f6glichkeit<\/h4>\n\n\n\n<p>Wenn\n Sie uns per Kontaktformular Anfragen zukommen lassen, werden Ihre \nAngaben aus dem Anfrageformular inklusive der von Ihnen dort angegebenen\n Kontaktdaten zwecks Bearbeitung der Anfrage und f\u00fcr den Fall von \nAnschlussfragen  bei uns gespeichert. Diese Daten geben wir nicht ohne \nIhre Einwilligung weiter.<\/p>\n\n\n\n<p>Die Verarbeitung der in das \nKontaktformular eingegebenen Daten erfolgt somit ausschlie\u00dflich auf \nGrundlage Ihrer Einwilligung (Art. 6 Abs. 1 lit. a DSGVO). Sie k\u00f6nnen \ndiese Einwilligung jederzeit widerrufen. Dazu reicht eine formlose \nMitteilung per E-Mail an uns. Die Rechtm\u00e4\u00dfigkeit der bis zum Widerruf \nerfolgten Datenverarbeitungsvorg\u00e4nge bleibt vom Widerruf unber\u00fchrt.<\/p>\n\n\n\n<p>Die\n von Ihnen im Kontaktformular eingegebenen Daten verbleiben bei uns, bis\n Sie uns zur L\u00f6schung auffordern, Ihre Einwilligung zur Speicherung \nwiderrufen oder der Zweck f\u00fcr die Datenspeicherung entf\u00e4llt (z.B. nach \nabgeschlossener Bearbeitung Ihrer Anfrage). Zwingende gesetzliche \nBestimmungen \u2013insbesondere Aufbewahrungsfristen \u2013 bleiben unber\u00fchrt.<\/p>\n\n\n\n<p>Wenn\n Sie uns per E-Mail, Telefon oder Telefax kontaktieren, wird Ihre \nAnfrage inklusive aller daraus hervorgehenden personenbezogenen Daten \n(Name, Anfrage) zum Zwecke der Bearbeitung Ihres Anliegens bei uns \ngespeichert und verarbeitet. Diese Daten geben wir nicht ohne Ihre \nEinwilligung weiter.Die Verarbeitung dieser Daten erfolgt auf Grundlage \nvon Art. 6 Abs. 1 lit. b DSGVO, sofern Ihre Anfrage mit der Erf\u00fcllung \neines Vertrags zusammenh\u00e4ngt oder zur Durchf\u00fchrung vorvertraglicher \nMa\u00dfnahmen erforderlich ist. In allen \u00fcbrigen F\u00e4llen beruht die \nVerarbeitung auf Ihrer Einwilligung (Art. 6 Abs. 1 lit. a DSGVO) und \/ \noder auf unseren berechtigten Interessen (Art. 6 Abs. 1 lit. f DSGVO), \nda wir ein berechtigtes Interesse an der effektiven Bearbeitung der an \nuns gerichteten Anfragen haben.<\/p>\n\n\n\n<p>Die von Ihnen an uns per \nKontaktanfragen \u00fcbersandten Daten verbleiben bei uns, bis Sie uns zur \nL\u00f6schung auffordern, Ihre Einwilligung zur Speicherung widerrufen oder \nder Zweck f\u00fcr die Datenspeicherung entf\u00e4llt (z. B. nach abgeschlossener \nBearbeitung Ihres Anliegens). Zwingende gesetzliche Bestimmungen \u2013 \ninsbesondere gesetzliche Aufbewahrungsfristen \u2013 bleiben unber\u00fchrt.<\/p>\n","protected":false},"excerpt":{"rendered":"<p>Personenbezogene Daten (nachfolgend zumeist nur &#8222;Daten&#8220; genannt) werden von uns nur im Rahmen der Erforderlichkeit sowie zum Zwecke der Bereitstellung eines funktionsf\u00e4higen und nutzerfreundlichen Internetauftritts, inklusive seiner Inhalte und der dort angebotenen Leistungen, verarbeitet. Gem\u00e4\u00df Art. 4 Ziffer 1. der Verordnung (EU) 2016\/679, also der Datenschutz-Grundverordnung (nachfolgend nur &#8222;DSGVO&#8220; genannt), gilt als &#8222;Verarbeitung&#8220; jeder mit&hellip;<\/p>\n","protected":false},"author":1,"featured_media":0,"parent":0,"menu_order":0,"comment_status":"closed","ping_status":"closed","template":"","meta":{"footnotes":""},"_links":{"self":[{"href":"https:\/\/www.tuesday5.de\/index.php\/wp-json\/wp\/v2\/pages\/3"}],"collection":[{"href":"https:\/\/www.tuesday5.de\/index.php\/wp-json\/wp\/v2\/pages"}],"about":[{"href":"https:\/\/www.tuesday5.de\/index.php\/wp-json\/wp\/v2\/types\/page"}],"author":[{"embeddable":true,"href":"https:\/\/www.tuesday5.de\/index.php\/wp-json\/wp\/v2\/users\/1"}],"replies":[{"embeddable":true,"href":"https:\/\/www.tuesday5.de\/index.php\/wp-json\/wp\/v2\/comments?post=3"}],"version-history":[{"count":3,"href":"https:\/\/www.tuesday5.de\/index.php\/wp-json\/wp\/v2\/pages\/3\/revisions"}],"predecessor-version":[{"id":15083,"href":"https:\/\/www.tuesday5.de\/index.php\/wp-json\/wp\/v2\/pages\/3\/revisions\/15083"}],"wp:attachment":[{"href":"https:\/\/www.tuesday5.de\/index.php\/wp-json\/wp\/v2\/media?parent=3"}],"curies":[{"name":"wp","href":"https:\/\/api.w.org\/{rel}","templated":true}]}}